{"id":153,"date":"2025-01-06T15:18:13","date_gmt":"2025-01-06T15:18:13","guid":{"rendered":"https:\/\/concept.burocite.nl\/?page_id=153"},"modified":"2025-11-26T10:26:20","modified_gmt":"2025-11-26T09:26:20","slug":"ontwerp-advies","status":"publish","type":"page","link":"https:\/\/burocite.nl\/en\/ontwerp-advies\/","title":{"rendered":"Design &amp; consultancy"},"content":{"rendered":"<div class=\"et_pb_section_0 et_pb_section et_pb_fullwidth_section et_section_regular et_block_section et_animated\"><section class=\"et_pb_fullwidth_header_0 et_pb_fullwidth_header et_pb_bg_layout_dark et_pb_text_align_left et_pb_module et_grid_module preset--module--divi-fullwidth-header--default\" id=\"cite-header\"><div class=\"et_pb_fullwidth_header_container left\"><div class=\"header-content-container center\"><div class=\"header-content et_grid_module\"><h1 class=\"et_pb_module_header\">Ontwerp &amp; advies<\/h1><div class=\"et_pb_header_button_wrapper\"><\/div><\/div><\/div><\/div><div class=\"et_pb_fullwidth_header_overlay\"><\/div><div class=\"et_pb_fullwidth_header_scroll\"><\/div><\/section><\/div>\n\n<div class=\"et_pb_section_1 et_pb_section et_section_regular et_block_section\">\n<div class=\"et_pb_row_0 et_pb_row et_block_row preset--module--divi-row--default\">\n<div class=\"et_pb_column_0 et_pb_column et_pb_column_1_2 et_block_column et_pb_css_mix_blend_mode_passthrough\">\n<div class=\"et_pb_heading_0 et_pb_heading et_animated et_pb_module et_block_module preset--module--divi-heading--default\"><div class=\"et_pb_heading_container\"><h2 class=\"et_pb_module_header\">Sterke ontwerpen beginnen met goed advies<\/h2><\/div><\/div>\n<\/div>\n\n<div class=\"et_pb_column_1 et_pb_column et_pb_column_1_2 et-last-child et_block_column et_pb_css_mix_blend_mode_passthrough\">\n<div class=\"et_pb_image_0 et_pb_image et_animated et_pb_module et_block_module preset--module--divi-image--default\"><span class=\"et_pb_image_wrap\"><img loading=\"lazy\" decoding=\"async\" src=\"https:\/\/burocite.nl\/wp-content\/uploads\/2025\/06\/Ontwerp-en-advies.jpg\" width=\"1920\" height=\"1200\" srcset=\"https:\/\/burocite.nl\/wp-content\/uploads\/2025\/06\/Ontwerp-en-advies.jpg 1920w, https:\/\/burocite.nl\/wp-content\/uploads\/2025\/06\/Ontwerp-en-advies-1280x800.jpg 1280w, https:\/\/burocite.nl\/wp-content\/uploads\/2025\/06\/Ontwerp-en-advies-980x613.jpg 980w, https:\/\/burocite.nl\/wp-content\/uploads\/2025\/06\/Ontwerp-en-advies-480x300.jpg 480w\" sizes=\"(min-width: 0px) and (max-width: 480px) 480px, (min-width: 481px) and (max-width: 980px) 980px, (min-width: 981px) and (max-width: 1280px) 1280px, (min-width: 1281px) 1920px, 100vw\" class=\"wp-image-4449\" title=\"Ontwerp en advies\" \/><\/span><\/div>\n<\/div>\n<\/div>\n\n<div class=\"et_pb_row_1 et_pb_row et_block_row preset--module--divi-row--default\">\n<div class=\"et_pb_column_2 et_pb_column et_pb_column_4_4 et-last-child et_block_column et_pb_css_mix_blend_mode_passthrough\">\n<div class=\"et_pb_text_0 et_pb_text et_pb_bg_layout_light et_animated et_pb_module et_block_module preset--module--divi-text--default\"><div class=\"et_pb_text_inner\"><p style=\"text-align: justify;\">De buitenruimte verandert. En dat vraagt om ontwerpen die verder gaan dan alleen een mooi plan. Bij Buro CITE ontwerpen we slimme, duurzame oplossingen die \u00e9cht werken \u2013 boven \u00e9n onder de grond. We combineren techniek, gebruiksgemak en uitstraling in \u00e9\u00e9n helder totaalplaatje.<\/p>\n<\/div><\/div>\n<\/div>\n<\/div>\n<\/div>\n\n<div class=\"et_pb_section_2 et_pb_section et_section_regular et_block_section\">\n<div class=\"et_pb_row_2 et_pb_row et_block_row preset--module--divi-row--default\">\n<div class=\"et_pb_column_3 et_pb_column et_pb_column_4_4 et-last-child et_block_column et_pb_css_mix_blend_mode_passthrough\">\n<div class=\"et_pb_heading_1 et_pb_heading et_animated et_pb_module et_block_module preset--module--divi-heading--default\"><div class=\"et_pb_heading_container\"><h2 class=\"et_pb_module_header\"> Van idee naar ontwerp-   dit doen we graag<\/h2><\/div><\/div>\n<\/div>\n<\/div>\n\n<div class=\"et_pb_row_3 et_pb_row et_block_row preset--module--divi-row--default\">\n<div class=\"et_pb_column_4 et_pb_column et_pb_column_1_2 et_block_column et_pb_css_mix_blend_mode_passthrough\">\n<div class=\"et_pb_text_1 et_pb_text et_pb_bg_layout_light et_animated et_pb_module et_block_module preset--module--divi-text--default\"><div class=\"et_pb_text_inner\"><ul class=\"checklist1\">\n<li>Bouwrijpe plannen voor nieuwe ontwikkelingen<\/li>\n<li>Woonrijpe ontwerpen voor fijne, goed ingerichte wijken<\/li>\n<li>Herinrichtingen van straten, buurten en pleinen<\/li>\n<li>Reconstructies van bestaande infrastructuur<\/li>\n<li>Groot onderhoudsontwerpen voor een toekomstbestendige openbare ruimte<\/li>\n<\/ul>\n<\/div><\/div>\n<\/div>\n\n<div class=\"et_pb_column_5 et_pb_column et_pb_column_1_2 et-last-child et_block_column et_pb_css_mix_blend_mode_passthrough\">\n<div class=\"et_pb_image_1 et_pb_image et_animated et_pb_module et_block_module preset--module--divi-image--default\"><span class=\"et_pb_image_wrap\"><img loading=\"lazy\" decoding=\"async\" src=\"https:\/\/burocite.nl\/wp-content\/uploads\/2025\/06\/PXL_20250527_131146968d-small-rotated.jpg\" width=\"763\" height=\"600\" srcset=\"https:\/\/burocite.nl\/wp-content\/uploads\/2025\/06\/PXL_20250527_131146968d-small-rotated.jpg 763w, https:\/\/burocite.nl\/wp-content\/uploads\/2025\/06\/PXL_20250527_131146968d-small-480x377.jpg 480w\" sizes=\"(min-width: 0px) and (max-width: 480px) 480px, (min-width: 481px) 763px, 100vw\" class=\"wp-image-4463\" title=\"PXL_20250527_131146968d-small\" \/><\/span><\/div>\n<\/div>\n<\/div>\n<\/div>\n\n<div class=\"et_pb_section_3 et_pb_section et_section_regular et_block_section\">\n<div class=\"et_pb_row_4 et_pb_row et_block_row preset--module--divi-row--default\">\n<div class=\"et_pb_column_6 et_pb_column et_pb_column_4_4 et-last-child et_block_column et_pb_css_mix_blend_mode_passthrough\">\n<div class=\"et_pb_heading_2 et_pb_heading et_animated et_pb_module et_block_module preset--module--divi-heading--default\"><div class=\"et_pb_heading_container\"><h2 class=\"et_pb_module_header\"> Wat je van ons mag verwachten<\/h2><\/div><\/div>\n<\/div>\n<\/div>\n\n<div class=\"et_pb_row_5 et_pb_row et_block_row preset--module--divi-row--default\">\n<div class=\"et_pb_column_7 et_pb_column et_pb_column_1_2 et_block_column et_pb_css_mix_blend_mode_passthrough\">\n<div class=\"et_pb_image_2 et_pb_image et_animated et_pb_module et_block_module preset--module--divi-image--default\"><span class=\"et_pb_image_wrap\"><img loading=\"lazy\" decoding=\"async\" src=\"https:\/\/burocite.nl\/wp-content\/uploads\/2025\/06\/ontwerp-en-advies-2.jpg\" width=\"1920\" height=\"977\" srcset=\"https:\/\/burocite.nl\/wp-content\/uploads\/2025\/06\/ontwerp-en-advies-2.jpg 1920w, https:\/\/burocite.nl\/wp-content\/uploads\/2025\/06\/ontwerp-en-advies-2-1280x651.jpg 1280w, https:\/\/burocite.nl\/wp-content\/uploads\/2025\/06\/ontwerp-en-advies-2-980x499.jpg 980w, https:\/\/burocite.nl\/wp-content\/uploads\/2025\/06\/ontwerp-en-advies-2-480x244.jpg 480w\" sizes=\"(min-width: 0px) and (max-width: 480px) 480px, (min-width: 481px) and (max-width: 980px) 980px, (min-width: 981px) and (max-width: 1280px) 1280px, (min-width: 1281px) 1920px, 100vw\" class=\"wp-image-4446\" title=\"ontwerp en advies 2\" \/><\/span><\/div>\n<\/div>\n\n<div class=\"et_pb_column_8 et_pb_column et_pb_column_1_2 et-last-child et_block_column et_pb_css_mix_blend_mode_passthrough\">\n<div class=\"et_pb_text_2 et_pb_text et_pb_bg_layout_light et_animated et_pb_module et_block_module preset--module--divi-text--default\"><div class=\"et_pb_text_inner\"><ul class=\"checklist2\">\n<li>Onderbouwd advies en een scherp programma van eisen<\/li>\n<li>Creatieve, haalbare ontwerpen \u2013 van schets tot 3D<\/li>\n<li>Kennis van ondergrondse en bovengrondse samenhang<\/li>\n<li>Inzicht in belangen, ruimtegebruik en beleid<\/li>\n<\/ul>\n<\/div><\/div>\n<\/div>\n<\/div>\n<\/div>\n\n<div class=\"et_pb_section_4 et_pb_section et_section_specialty et_pb_gutters3 et_block_section\"><div class=\"et_pb_row et_block_row\">\n<div class=\"et_pb_column_9 et_pb_column et_pb_column_single et_pb_column_1_2 et_block_column et_pb_css_mix_blend_mode_passthrough\">\n<div class=\"et_pb_image_3 et_pb_image et_animated et_pb_module et_block_module preset--module--divi-image--default\"><span class=\"et_pb_image_wrap\"><img loading=\"lazy\" decoding=\"async\" src=\"https:\/\/burocite.nl\/wp-content\/uploads\/2025\/06\/ontwerp-en-advies-3.jpg\" width=\"1920\" height=\"1009\" srcset=\"https:\/\/burocite.nl\/wp-content\/uploads\/2025\/06\/ontwerp-en-advies-3.jpg 1920w, https:\/\/burocite.nl\/wp-content\/uploads\/2025\/06\/ontwerp-en-advies-3-1280x673.jpg 1280w, https:\/\/burocite.nl\/wp-content\/uploads\/2025\/06\/ontwerp-en-advies-3-980x515.jpg 980w, https:\/\/burocite.nl\/wp-content\/uploads\/2025\/06\/ontwerp-en-advies-3-480x252.jpg 480w\" sizes=\"(min-width: 0px) and (max-width: 480px) 480px, (min-width: 481px) and (max-width: 980px) 980px, (min-width: 981px) and (max-width: 1280px) 1280px, (min-width: 1281px) 1920px, 100vw\" class=\"wp-image-4448\" title=\"ontwerp en advies 3\" \/><\/span><\/div>\n<\/div>\n\n<div class=\"et_pb_column_10 et_pb_column et_pb_specialty_column et_pb_column_1_2 et-last-child et_block_column et_pb_css_mix_blend_mode_passthrough\">\n<div class=\"et_pb_row_inner_0 et_pb_row_inner et_block_row\">\n<div class=\"et_pb_column_inner_0 et_pb_column_inner et_pb_column et_pb_column_4_4 et-last-child et_block_column et_pb_css_mix_blend_mode_passthrough\">\n<div class=\"et_pb_text_3 et_pb_text et_pb_bg_layout_light et_animated et_pb_module et_block_module preset--module--divi-text--default\"><div class=\"et_pb_text_inner\"><p style=\"text-align: justify;\">We denken mee vanaf het begin, zodat jouw project stevig staat voordat de uitvoering start. Onze ontwerpen zijn realistisch, duurzaam en goed uit te leggen \u2013 aan bestuurders, collega\u2019s \u00e9n bewoners.<\/p>\n<\/div><\/div>\n<\/div>\n<\/div>\n<\/div>\n<\/div><\/div>\n\n<div class=\"et_pb_section_5 et_pb_section et_section_regular et_block_section\">\n<div class=\"et_pb_row_6 et_pb_row et_block_row preset--module--divi-row--default\">\n<div class=\"et_pb_column_11 et_pb_column et_pb_column_3_5 et_block_column et_pb_css_mix_blend_mode_passthrough\">\n<div class=\"et_pb_code_0 et_pb_code et_animated et_pb_module\"><div class=\"et_pb_code_inner\"><!DOCTYPE html>\n<html lang=\"nl\">\n<head>\n  <meta charset=\"UTF-8\" \/>\n  <meta name=\"viewport\" content=\"width=device-width, initial-scale=1.0\" \/>\n  <title>Contact Jan Blom<\/title>\n  <script src=\"https:\/\/cdn.tailwindcss.com\"><\/script>\n  <style>\n    .contact-card {\n      max-width: 960px;\n      width: 100%;\n    }\n  <\/style>\n<\/head>\n<body class=\"bg-white min-h-screen flex items-center justify-center p-4 flex-col\">\n\n  <!-- Verborgen heading -->\n  <h1 id=\"contact-person\" class=\"sr-only\">Contact person of Onderwerp & Advies<\/h1>\n\n  <!-- Profielkaart -->\n  <div id=\"profileCard\" class=\"contact-card mt-4 w-full px-4\"><\/div>\n\n  <script>\n    function hideHeading() {\n      const heading = document.getElementById('contact-person');\n      if (heading) {\n        heading.style.display = 'none';\n      }\n    }\n\n    async function loadProfile() {\n      try {\n        const res = await fetch(\"https:\/\/burocite.nl\/project\/fetch_team.php?lang=nl\");\n        const data = await res.json();\n        const member = data.team.find(m => m.naam.toLowerCase().includes(\"jan blom\"));\n        if (!member) {\n          document.getElementById(\"profileCard\").innerHTML = \"<p class='text-red-600'>Jan Blom niet gevonden.<\/p>\";\n          return;\n        }\n\n        document.getElementById(\"profileCard\").innerHTML = `\n          <div class=\"flex flex-col md:flex-row rounded-lg overflow-hidden shadow-[0_8px_30px_rgba(0,0,0,0.3)] border border-gray-200 group transition-all duration-500 contact-card items-stretch\">\n\n            <!-- Left column -->\n            <div class=\"w-full md:w-1\/3 relative flex items-center justify-center min-h-[240px] overflow-hidden\">\n              <div class=\"absolute inset-0 grid grid-rows-2\">\n                <div class=\"bg-[#0778c0] group-hover:bg-[#ffffff] transition-colors duration-500\"><\/div>\n                <div class=\"bg-white group-hover:bg-[#0778c0] transition-colors duration-500\"><\/div>\n              <\/div>\n              <div class=\"z-10\">\n                <div class=\"w-32 h-32 md:w-36 md:h-36 rounded-full bg-[#E03140] shadow-lg border-2 border-[#E03140] flex items-center justify-center overflow-hidden relative\">\n                  <img decoding=\"async\" src=\"https:\/\/burocite.nl\/project\/expertise-contact\/Jan_Blom.jpg\" \n\t\t\t\t\talt=\"${member.naam}\" \n\t\t\t\t\tclass=\"w-full h-full rounded-full object-cover transition duration-500 filter group-hover:grayscale\" \/>\n                <\/div>\n              <\/div>\n            <\/div>\n\n            <!-- Right column -->\n            <div class=\"w-full md:w-2\/3 flex flex-col text-base\">\n              <!-- Top text section -->\n              <div class=\"flex-[2] bg-white text-gray-700 px-6 md:px-7 py-4 md:py-6 flex items-center transition-colors duration-500 border-t md:border-t-0 border-[3px] border-[#E03140] group-hover:bg-[#0778c0] group-hover:text-white group-hover:border-[#E03140] text-center md:text-left\">\n                Neem contact op met een van onze experts en ontdek hoe wij je kunnen helpen bij het ontwerpen van de buitenruimte van morgen.\n              <\/div>\n\n              <!-- Bottom text section -->\n              <div class=\"bg-[#0778c0] text-white px-6 md:px-7 py-3 md:py-4 flex flex-col rounded-b-lg md:rounded-bl-none md:rounded-br-lg transition-colors duration-500 group-hover:bg-white group-hover:text-gray-800 group-hover:border-[3px] group-hover:border-[#E03140]\">\n                <div class=\"font-bold text-base\">${member.naam}<\/div>\n                <div class=\"text-sm text-white\/90 group-hover:text-gray-600 transition-colors duration-500\">${member.functie}<\/div>\n                <a href=\"\/contact?contact_person=Jan%20Blom\" \n                   class=\"mt-2 inline-block bg-[#E03140] text-white text-sm font-semibold px-5 py-2 rounded-full shadow-md hover:bg-[#c02935] transition duration-300 w-fit\">\n                  Neem contact op\n                <\/a>\n              <\/div>\n            <\/div>\n          <\/div>\n        `;\n      } catch (error) {\n        console.error(\"Error fetching profile:\", error);\n        document.getElementById(\"profileCard\").innerHTML = \"<p class='text-red-600'>Fout bij het laden van profielinformatie.<\/p>\";\n      }\n    }\n\n    document.addEventListener('DOMContentLoaded', () => {\n      hideHeading();\n      loadProfile();\n    });\n  <\/script>\n\n<\/body>\n<\/html>\n<\/div><\/div>\n<\/div>\n\n<div class=\"et_pb_column_12 et_pb_column et_pb_column_2_5 et-last-child et_block_column et_pb_column_empty et_pb_css_mix_blend_mode_passthrough\"><\/div>\n<\/div>\n<\/div>","protected":false},"excerpt":{"rendered":"","protected":false},"author":1,"featured_media":0,"parent":0,"menu_order":0,"comment_status":"closed","ping_status":"closed","template":"","meta":{"footnotes":""},"class_list":["post-153","page","type-page","status-publish","hentry"],"yoast_head":"<!-- This site is optimized with the Yoast SEO plugin v27.4 - https:\/\/yoast.com\/product\/yoast-seo-wordpress\/ -->\n<title>Ontwerp &amp; advies - Buro CITE Nederland<\/title>\n<meta name=\"robots\" content=\"index, follow, max-snippet:-1, max-image-preview:large, max-video-preview:-1\" \/>\n<link rel=\"canonical\" href=\"https:\/\/burocite.nl\/en\/ontwerp-advies\/\" \/>\n<meta property=\"og:locale\" content=\"en_GB\" \/>\n<meta property=\"og:type\" content=\"article\" \/>\n<meta property=\"og:title\" content=\"Ontwerp &amp; advies - Buro CITE Nederland\" \/>\n<meta property=\"og:url\" content=\"https:\/\/burocite.nl\/en\/ontwerp-advies\/\" \/>\n<meta property=\"og:site_name\" content=\"Buro CITE Nederland\" \/>\n<meta property=\"article:publisher\" content=\"https:\/\/www.facebook.com\/BuroCITE\" \/>\n<meta property=\"article:modified_time\" content=\"2025-11-26T09:26:20+00:00\" \/>\n<meta name=\"twitter:card\" content=\"summary_large_image\" \/>\n<script type=\"application\/ld+json\" class=\"yoast-schema-graph\">{\"@context\":\"https:\\\/\\\/schema.org\",\"@graph\":[{\"@type\":\"WebPage\",\"@id\":\"https:\\\/\\\/burocite.nl\\\/ontwerp-advies\\\/\",\"url\":\"https:\\\/\\\/burocite.nl\\\/ontwerp-advies\\\/\",\"name\":\"Ontwerp & advies - Buro CITE Nederland\",\"isPartOf\":{\"@id\":\"https:\\\/\\\/burocite.nl\\\/#website\"},\"datePublished\":\"2025-01-06T15:18:13+00:00\",\"dateModified\":\"2025-11-26T09:26:20+00:00\",\"breadcrumb\":{\"@id\":\"https:\\\/\\\/burocite.nl\\\/ontwerp-advies\\\/#breadcrumb\"},\"inLanguage\":\"en-GB\",\"potentialAction\":[{\"@type\":\"ReadAction\",\"target\":[\"https:\\\/\\\/burocite.nl\\\/ontwerp-advies\\\/\"]}]},{\"@type\":\"BreadcrumbList\",\"@id\":\"https:\\\/\\\/burocite.nl\\\/ontwerp-advies\\\/#breadcrumb\",\"itemListElement\":[{\"@type\":\"ListItem\",\"position\":1,\"name\":\"Home\",\"item\":\"https:\\\/\\\/burocite.nl\\\/\"},{\"@type\":\"ListItem\",\"position\":2,\"name\":\"Ontwerp &#038; advies\"}]},{\"@type\":\"WebSite\",\"@id\":\"https:\\\/\\\/burocite.nl\\\/#website\",\"url\":\"https:\\\/\\\/burocite.nl\\\/\",\"name\":\"Buro CITE Nederland\",\"description\":\"\",\"publisher\":{\"@id\":\"https:\\\/\\\/burocite.nl\\\/#organization\"},\"potentialAction\":[{\"@type\":\"SearchAction\",\"target\":{\"@type\":\"EntryPoint\",\"urlTemplate\":\"https:\\\/\\\/burocite.nl\\\/?s={search_term_string}\"},\"query-input\":{\"@type\":\"PropertyValueSpecification\",\"valueRequired\":true,\"valueName\":\"search_term_string\"}}],\"inLanguage\":\"en-GB\"},{\"@type\":\"Organization\",\"@id\":\"https:\\\/\\\/burocite.nl\\\/#organization\",\"name\":\"Buro CITE Nederland\",\"url\":\"https:\\\/\\\/burocite.nl\\\/\",\"logo\":{\"@type\":\"ImageObject\",\"inLanguage\":\"en-GB\",\"@id\":\"https:\\\/\\\/burocite.nl\\\/#\\\/schema\\\/logo\\\/image\\\/\",\"url\":\"https:\\\/\\\/burocite.nl\\\/wp-content\\\/uploads\\\/2025\\\/09\\\/cite-logo.png\",\"contentUrl\":\"https:\\\/\\\/burocite.nl\\\/wp-content\\\/uploads\\\/2025\\\/09\\\/cite-logo.png\",\"width\":134,\"height\":134,\"caption\":\"Buro CITE Nederland\"},\"image\":{\"@id\":\"https:\\\/\\\/burocite.nl\\\/#\\\/schema\\\/logo\\\/image\\\/\"},\"sameAs\":[\"https:\\\/\\\/www.facebook.com\\\/BuroCITE\",\"https:\\\/\\\/www.linkedin.com\\\/in\\\/burocite\\\/\"]}]}<\/script>\n<!-- \/ Yoast SEO plugin. -->","yoast_head_json":{"title":"Ontwerp & advies - Buro CITE Nederland","robots":{"index":"index","follow":"follow","max-snippet":"max-snippet:-1","max-image-preview":"max-image-preview:large","max-video-preview":"max-video-preview:-1"},"canonical":"https:\/\/burocite.nl\/en\/ontwerp-advies\/","og_locale":"en_GB","og_type":"article","og_title":"Ontwerp & advies - Buro CITE Nederland","og_url":"https:\/\/burocite.nl\/en\/ontwerp-advies\/","og_site_name":"Buro CITE Nederland","article_publisher":"https:\/\/www.facebook.com\/BuroCITE","article_modified_time":"2025-11-26T09:26:20+00:00","twitter_card":"summary_large_image","schema":{"@context":"https:\/\/schema.org","@graph":[{"@type":"WebPage","@id":"https:\/\/burocite.nl\/ontwerp-advies\/","url":"https:\/\/burocite.nl\/ontwerp-advies\/","name":"Ontwerp & advies - Buro CITE Nederland","isPartOf":{"@id":"https:\/\/burocite.nl\/#website"},"datePublished":"2025-01-06T15:18:13+00:00","dateModified":"2025-11-26T09:26:20+00:00","breadcrumb":{"@id":"https:\/\/burocite.nl\/ontwerp-advies\/#breadcrumb"},"inLanguage":"en-GB","potentialAction":[{"@type":"ReadAction","target":["https:\/\/burocite.nl\/ontwerp-advies\/"]}]},{"@type":"BreadcrumbList","@id":"https:\/\/burocite.nl\/ontwerp-advies\/#breadcrumb","itemListElement":[{"@type":"ListItem","position":1,"name":"Home","item":"https:\/\/burocite.nl\/"},{"@type":"ListItem","position":2,"name":"Ontwerp &#038; advies"}]},{"@type":"WebSite","@id":"https:\/\/burocite.nl\/#website","url":"https:\/\/burocite.nl\/","name":"Buro CITE Nederland","description":"","publisher":{"@id":"https:\/\/burocite.nl\/#organization"},"potentialAction":[{"@type":"SearchAction","target":{"@type":"EntryPoint","urlTemplate":"https:\/\/burocite.nl\/?s={search_term_string}"},"query-input":{"@type":"PropertyValueSpecification","valueRequired":true,"valueName":"search_term_string"}}],"inLanguage":"en-GB"},{"@type":"Organization","@id":"https:\/\/burocite.nl\/#organization","name":"Buro CITE Nederland","url":"https:\/\/burocite.nl\/","logo":{"@type":"ImageObject","inLanguage":"en-GB","@id":"https:\/\/burocite.nl\/#\/schema\/logo\/image\/","url":"https:\/\/burocite.nl\/wp-content\/uploads\/2025\/09\/cite-logo.png","contentUrl":"https:\/\/burocite.nl\/wp-content\/uploads\/2025\/09\/cite-logo.png","width":134,"height":134,"caption":"Buro CITE Nederland"},"image":{"@id":"https:\/\/burocite.nl\/#\/schema\/logo\/image\/"},"sameAs":["https:\/\/www.facebook.com\/BuroCITE","https:\/\/www.linkedin.com\/in\/burocite\/"]}]}},"_links":{"self":[{"href":"https:\/\/burocite.nl\/en\/wp-json\/wp\/v2\/pages\/153","targetHints":{"allow":["GET"]}}],"collection":[{"href":"https:\/\/burocite.nl\/en\/wp-json\/wp\/v2\/pages"}],"about":[{"href":"https:\/\/burocite.nl\/en\/wp-json\/wp\/v2\/types\/page"}],"author":[{"embeddable":true,"href":"https:\/\/burocite.nl\/en\/wp-json\/wp\/v2\/users\/1"}],"replies":[{"embeddable":true,"href":"https:\/\/burocite.nl\/en\/wp-json\/wp\/v2\/comments?post=153"}],"version-history":[{"count":416,"href":"https:\/\/burocite.nl\/en\/wp-json\/wp\/v2\/pages\/153\/revisions"}],"predecessor-version":[{"id":5759,"href":"https:\/\/burocite.nl\/en\/wp-json\/wp\/v2\/pages\/153\/revisions\/5759"}],"wp:attachment":[{"href":"https:\/\/burocite.nl\/en\/wp-json\/wp\/v2\/media?parent=153"}],"curies":[{"name":"wp","href":"https:\/\/api.w.org\/{rel}","templated":true}]}}